{"id":1795,"date":"2020-04-07T13:28:16","date_gmt":"2020-04-07T10:28:16","guid":{"rendered":"https:\/\/www.surevankohtaaminen.fi\/?page_id=1795"},"modified":"2025-12-17T14:55:59","modified_gmt":"2025-12-17T11:55:59","slug":"kontakt","status":"publish","type":"page","link":"https:\/\/www.surevankohtaaminen.fi\/sv\/kontakt\/","title":{"rendered":"KONTAKT"},"content":{"rendered":"<p><div class=\"fusion-fullwidth fullwidth-box fusion-builder-row-1 nonhundred-percent-fullwidth non-hundred-percent-height-scrolling\" style=\"--awb-border-radius-top-left:0px;--awb-border-radius-top-right:0px;--awb-border-radius-bottom-right:0px;--awb-border-radius-bottom-left:0px;--awb-flex-wrap:wrap;\" ><div class=\"fusion-builder-row fusion-row\"><div class=\"fusion-layout-column fusion_builder_column fusion-builder-column-0 fusion_builder_column_1_1 1_1 fusion-one-full fusion-column-first fusion-column-last\" style=\"--awb-bg-size:cover;\"><div class=\"fusion-column-wrapper fusion-column-has-shadow fusion-flex-column-wrapper-legacy\"><div class=\"fusion-text fusion-text-1\"><h1 style=\"text-align: center;\">KONTAKT<\/h1>\n<\/div><div class=\"fusion-sep-clear\"><\/div><div class=\"fusion-separator\" style=\"margin-left: auto;margin-right: auto;width:100%;max-width:50%;\"><div class=\"fusion-separator-border sep-single sep-dashed\" style=\"--awb-height:20px;--awb-amount:20px;border-color:#e4f3f6;border-top-width:1px;\"><\/div><\/div><div class=\"fusion-sep-clear\"><\/div><div class=\"fusion-sep-clear\"><\/div><div class=\"fusion-separator fusion-full-width-sep\" style=\"margin-left: auto;margin-right: auto;margin-top:20px;margin-bottom:20px;width:100%;\"><\/div><div class=\"fusion-sep-clear\"><\/div><div class=\"fusion-clearfix\"><\/div><\/div><\/div><\/div><\/div><div class=\"fusion-fullwidth fullwidth-box fusion-builder-row-2 fusion-flex-container has-pattern-background has-mask-background nonhundred-percent-fullwidth non-hundred-percent-height-scrolling\" style=\"--awb-border-radius-top-left:0px;--awb-border-radius-top-right:0px;--awb-border-radius-bottom-right:0px;--awb-border-radius-bottom-left:0px;--awb-flex-wrap:wrap;\" ><div class=\"fusion-builder-row fusion-row fusion-flex-align-items-flex-start fusion-flex-content-wrap\" style=\"max-width:1144px;margin-left: calc(-4% \/ 2 );margin-right: calc(-4% \/ 2 );\"><div class=\"fusion-layout-column fusion_builder_column fusion-builder-column-1 fusion_builder_column_1_4 1_4 fusion-flex-column\" style=\"--awb-bg-size:cover;--awb-width-large:25%;--awb-margin-top-large:0px;--awb-spacing-right-large:7.68%;--awb-margin-bottom-large:20px;--awb-spacing-left-large:7.68%;--awb-width-medium:100%;--awb-order-medium:0;--awb-spacing-right-medium:1.92%;--awb-spacing-left-medium:1.92%;--awb-width-small:100%;--awb-order-small:0;--awb-spacing-right-small:1.92%;--awb-spacing-left-small:1.92%;\"><div class=\"fusion-column-wrapper fusion-column-has-shadow fusion-flex-justify-content-flex-start fusion-content-layout-column\"><div class=\"fusion-image-element \" style=\"--awb-caption-title-font-family:var(--h2_typography-font-family);--awb-caption-title-font-weight:var(--h2_typography-font-weight);--awb-caption-title-font-style:var(--h2_typography-font-style);--awb-caption-title-size:var(--h2_typography-font-size);--awb-caption-title-transform:var(--h2_typography-text-transform);--awb-caption-title-line-height:var(--h2_typography-line-height);--awb-caption-title-letter-spacing:var(--h2_typography-letter-spacing);\"><span class=\" fusion-imageframe imageframe-none imageframe-1 hover-type-none\"><img decoding=\"async\" width=\"200\" height=\"270\" alt=\"Henkil\u00f6kuva: Sirpa Mynttinen\" title=\"sirpa (002)\" src=\"https:\/\/www.surevankohtaaminen.fi\/wp-content\/uploads\/2022\/02\/sirpa-002-200x270.jpg\" class=\"img-responsive wp-image-4101\" srcset=\"https:\/\/www.surevankohtaaminen.fi\/wp-content\/uploads\/2022\/02\/sirpa-002-200x270.jpg 200w, https:\/\/www.surevankohtaaminen.fi\/wp-content\/uploads\/2022\/02\/sirpa-002-400x540.jpg 400w, https:\/\/www.surevankohtaaminen.fi\/wp-content\/uploads\/2022\/02\/sirpa-002-600x810.jpg 600w, https:\/\/www.surevankohtaaminen.fi\/wp-content\/uploads\/2022\/02\/sirpa-002-800x1080.jpg 800w, https:\/\/www.surevankohtaaminen.fi\/wp-content\/uploads\/2022\/02\/sirpa-002-1200x1620.jpg 1200w, https:\/\/www.surevankohtaaminen.fi\/wp-content\/uploads\/2022\/02\/sirpa-002.jpg 1585w\" sizes=\"(max-width: 1024px) 100vw, (max-width: 640px) 100vw, 400px\" \/><\/span><\/div><\/div><\/div><div class=\"fusion-layout-column fusion_builder_column fusion-builder-column-2 fusion_builder_column_3_4 3_4 fusion-flex-column\" style=\"--awb-bg-size:cover;--awb-width-large:75%;--awb-margin-top-large:0px;--awb-spacing-right-large:2.56%;--awb-margin-bottom-large:20px;--awb-spacing-left-large:2.56%;--awb-width-medium:100%;--awb-order-medium:0;--awb-spacing-right-medium:1.92%;--awb-spacing-left-medium:1.92%;--awb-width-small:100%;--awb-order-small:0;--awb-spacing-right-small:1.92%;--awb-spacing-left-small:1.92%;\"><div class=\"fusion-column-wrapper fusion-column-has-shadow fusion-flex-justify-content-flex-start fusion-content-layout-column\"><div class=\"fusion-separator fusion-full-width-sep\" style=\"align-self: center;margin-left: auto;margin-right: auto;margin-top:10px;margin-bottom:10px;width:100%;\"><\/div><div class=\"fusion-separator fusion-full-width-sep\" style=\"align-self: center;margin-left: auto;margin-right: auto;margin-top:10px;margin-bottom:10px;width:100%;\"><\/div><div class=\"fusion-separator fusion-full-width-sep\" style=\"align-self: center;margin-left: auto;margin-right: auto;margin-top:10px;margin-bottom:10px;width:100%;\"><\/div><div class=\"fusion-separator fusion-full-width-sep\" style=\"align-self: center;margin-left: auto;margin-right: auto;margin-top:10px;margin-bottom:10px;width:100%;\"><\/div><div class=\"fusion-text fusion-text-2\"><p style=\"text-align: center;\">Specialist<br \/>\n<strong>Sirpa Mynttinen<\/strong><br \/>\nsirpa.mynttinen@surevankohtaaminen.fi<br \/>\ntel. 050 5670352<\/p>\n<\/div><\/div><\/div><\/div><\/div><div class=\"fusion-fullwidth fullwidth-box fusion-builder-row-3 fusion-flex-container has-pattern-background has-mask-background nonhundred-percent-fullwidth non-hundred-percent-height-scrolling\" style=\"--awb-border-radius-top-left:0px;--awb-border-radius-top-right:0px;--awb-border-radius-bottom-right:0px;--awb-border-radius-bottom-left:0px;--awb-flex-wrap:wrap;\" ><div class=\"fusion-builder-row fusion-row fusion-flex-align-items-flex-start fusion-flex-content-wrap\" style=\"max-width:1144px;margin-left: calc(-4% \/ 2 );margin-right: calc(-4% \/ 2 );\"><div class=\"fusion-layout-column fusion_builder_column fusion-builder-column-3 fusion_builder_column_1_4 1_4 fusion-flex-column\" style=\"--awb-bg-size:cover;--awb-width-large:25%;--awb-margin-top-large:0px;--awb-spacing-right-large:7.68%;--awb-margin-bottom-large:20px;--awb-spacing-left-large:7.68%;--awb-width-medium:100%;--awb-order-medium:0;--awb-spacing-right-medium:1.92%;--awb-spacing-left-medium:1.92%;--awb-width-small:100%;--awb-order-small:0;--awb-spacing-right-small:1.92%;--awb-spacing-left-small:1.92%;\"><div class=\"fusion-column-wrapper fusion-column-has-shadow fusion-flex-justify-content-flex-start fusion-content-layout-column\"><div class=\"fusion-image-element \" style=\"--awb-caption-title-font-family:var(--h2_typography-font-family);--awb-caption-title-font-weight:var(--h2_typography-font-weight);--awb-caption-title-font-style:var(--h2_typography-font-style);--awb-caption-title-size:var(--h2_typography-font-size);--awb-caption-title-transform:var(--h2_typography-text-transform);--awb-caption-title-line-height:var(--h2_typography-line-height);--awb-caption-title-letter-spacing:var(--h2_typography-letter-spacing);\"><span class=\" fusion-imageframe imageframe-none imageframe-2 hover-type-none\"><img decoding=\"async\" width=\"200\" height=\"256\" title=\"reetta1\" src=\"https:\/\/www.surevankohtaaminen.fi\/wp-content\/uploads\/2025\/04\/reetta1-e1765972542147-200x256.jpg\" alt class=\"img-responsive wp-image-7970\" srcset=\"https:\/\/www.surevankohtaaminen.fi\/wp-content\/uploads\/2025\/04\/reetta1-e1765972542147-200x256.jpg 200w, https:\/\/www.surevankohtaaminen.fi\/wp-content\/uploads\/2025\/04\/reetta1-e1765972542147-400x511.jpg 400w, https:\/\/www.surevankohtaaminen.fi\/wp-content\/uploads\/2025\/04\/reetta1-e1765972542147-600x767.jpg 600w, https:\/\/www.surevankohtaaminen.fi\/wp-content\/uploads\/2025\/04\/reetta1-e1765972542147-800x1022.jpg 800w, https:\/\/www.surevankohtaaminen.fi\/wp-content\/uploads\/2025\/04\/reetta1-e1765972542147-1200x1534.jpg 1200w, https:\/\/www.surevankohtaaminen.fi\/wp-content\/uploads\/2025\/04\/reetta1-e1765972542147.jpg 1205w\" sizes=\"(max-width: 1024px) 100vw, (max-width: 640px) 100vw, 400px\" \/><\/span><\/div><\/div><\/div><div class=\"fusion-layout-column fusion_builder_column fusion-builder-column-4 fusion_builder_column_3_4 3_4 fusion-flex-column\" style=\"--awb-bg-size:cover;--awb-width-large:75%;--awb-margin-top-large:0px;--awb-spacing-right-large:2.56%;--awb-margin-bottom-large:20px;--awb-spacing-left-large:2.56%;--awb-width-medium:100%;--awb-order-medium:0;--awb-spacing-right-medium:1.92%;--awb-spacing-left-medium:1.92%;--awb-width-small:100%;--awb-order-small:0;--awb-spacing-right-small:1.92%;--awb-spacing-left-small:1.92%;\"><div class=\"fusion-column-wrapper fusion-column-has-shadow fusion-flex-justify-content-flex-start fusion-content-layout-column\"><div class=\"fusion-separator fusion-full-width-sep\" style=\"align-self: center;margin-left: auto;margin-right: auto;margin-top:10px;margin-bottom:10px;width:100%;\"><\/div><div class=\"fusion-separator fusion-full-width-sep\" style=\"align-self: center;margin-left: auto;margin-right: auto;margin-top:10px;margin-bottom:10px;width:100%;\"><\/div><div class=\"fusion-separator fusion-full-width-sep\" style=\"align-self: center;margin-left: auto;margin-right: auto;margin-top:10px;margin-bottom:10px;width:100%;\"><\/div><div class=\"fusion-separator fusion-full-width-sep\" style=\"align-self: center;margin-left: auto;margin-right: auto;margin-top:10px;margin-bottom:10px;width:100%;\"><\/div><div class=\"fusion-text fusion-text-3\"><p style=\"text-align: center;\">Kommunikations koordinator<br \/>\n<b>Reetta Kankainen<\/b><br \/>\nviestinta@surevankohtaaminen.fi<\/p>\n<\/div><\/div><\/div><\/div><\/div><div class=\"fusion-fullwidth fullwidth-box fusion-builder-row-4 nonhundred-percent-fullwidth non-hundred-percent-height-scrolling\" style=\"--awb-border-radius-top-left:0px;--awb-border-radius-top-right:0px;--awb-border-radius-bottom-right:0px;--awb-border-radius-bottom-left:0px;--awb-flex-wrap:wrap;\" ><div class=\"fusion-builder-row fusion-row\"><div class=\"fusion-layout-column fusion_builder_column fusion-builder-column-5 fusion_builder_column_1_1 1_1 fusion-one-full fusion-column-first fusion-column-last\" style=\"--awb-bg-size:cover;\"><div class=\"fusion-column-wrapper fusion-column-has-shadow fusion-flex-column-wrapper-legacy\"><div class=\"fusion-sep-clear\"><\/div><div class=\"fusion-separator fusion-full-width-sep\" style=\"margin-left: auto;margin-right: auto;margin-top:20px;margin-bottom:20px;width:100%;\"><\/div><div class=\"fusion-sep-clear\"><\/div><div class=\"fusion-sep-clear\"><\/div><div class=\"fusion-separator fusion-full-width-sep\" style=\"margin-left: auto;margin-right: auto;margin-top:20px;margin-bottom:20px;width:100%;\"><\/div><div class=\"fusion-sep-clear\"><\/div><div class=\"fusion-sep-clear\"><\/div><div class=\"fusion-separator fusion-full-width-sep\" style=\"margin-left: auto;margin-right: auto;margin-top:20px;margin-bottom:20px;width:100%;\"><\/div><div class=\"fusion-sep-clear\"><\/div><div class=\"fusion-text fusion-text-4\"><p>Fyra organisationer i Finland fokuserar uteslutande p\u00e5 att hj\u00e4lpa de s\u00f6rjande och erbjuda st\u00f6dverksamhet. Vissa av dem organiserar st\u00f6dgrupper och erbjuder st\u00f6d ocks\u00e5 p\u00e5 svenska. Vissa har broschyrer och guideb\u00f6cker \u00f6versatta p\u00e5 svenska.<\/p>\n<p>Se deras webbplatser och kontaktpersoner f\u00f6r mer information.<\/p>\n<\/div><div class=\"fusion-sep-clear\"><\/div><div class=\"fusion-separator fusion-full-width-sep\" style=\"margin-left: auto;margin-right: auto;margin-top:20px;margin-bottom:20px;width:100%;\"><\/div><div class=\"fusion-sep-clear\"><\/div><div class=\"fusion-text fusion-text-5\"><h2>Kontakt<\/h2>\n<\/div><div class=\"fusion-text fusion-text-6\"><div class=\"tmm tmm_surujarjestot-sve\"><div class=\"tmm_2_columns tmm_wrap tmm_theme_f\"><span class=\"tmm_two_containers_tablet\"><\/span><div class=\"tmm_container\"><div class=\"tmm_member\" style=\"border-top:#02b2e3 solid 5px;\"><a target=\"_blank\" rel=\"noopener noreferrer\" href=\"https:\/\/www.huoma.fi\/\" title=\"Huoma ry \"><div class=\"tmm_photo tmm_pic_surujarjestot-sve_0\" style=\"background: url(https:\/\/www.surevankohtaaminen.fi\/wp-content\/uploads\/2024\/06\/Huoma-ry_brandilogo_RGB-e1719406955599.png); margin-left: auto; margin-right:auto; background-size:cover !important;\"><\/div><\/a><div class=\"tmm_textblock\"><div class=\"tmm_names\"><span class=\"tmm_fname\">Huoma ry<\/span> <\/div><div class=\"tmm_job\">st\u00f6d f\u00f6r n\u00e4rst\u00e5ende till personer som dog av mord<\/div><div class=\"tmm_desc\" style=\"text-align:center\"><p><strong>Kontakt:<br><\/strong><span style=\"color: #2a2a2a\">toimisto<\/span><span style=\"color: #2a2a2a\">@huoma.fi<br><\/span><\/p><\/div><div class=\"tmm_scblock\"><a target=\"_blank\" class=\"tmm_sociallink\" href=\"https:\/\/www.huoma.fi\/\" title=\"www\"><img decoding=\"async\" alt=\"www\" src=\"https:\/\/www.surevankohtaaminen.fi\/wp-content\/plugins\/team-members\/inc\/img\/links\/website.png\"\/><\/a><\/div><\/div><\/div><div class=\"tmm_member\" style=\"border-top:#02b2e3 solid 5px;\"><a target=\"_blank\" rel=\"noopener noreferrer\" href=\"http:\/\/kapy.fi\/\" title=\"K\u00e4py ry \u2013 Barnd\u00f6dsfamiljerna rf \"><div class=\"tmm_photo tmm_pic_surujarjestot-sve_1\" style=\"background: url(http:\/\/www.surevankohtaaminen.fi\/wp-content\/uploads\/2018\/04\/K\u00c4PY-Wordpress-teams.jpg); margin-left: auto; margin-right:auto; background-size:cover !important;\"><\/div><\/a><div class=\"tmm_textblock\"><div class=\"tmm_names\"><span class=\"tmm_fname\">K\u00e4py ry \u2013 Barnd\u00f6dsfamiljerna rf<\/span> <\/div><div class=\"tmm_job\">st\u00f6d f\u00f6r familjer som mist ett barn<\/div><div class=\"tmm_desc\" style=\"text-align:center\"><p><strong>Kontakt<\/strong><strong>:<br><\/strong>toimisto(at)kapy.fi<\/p><\/div><div class=\"tmm_scblock\"><a target=\"_blank\" class=\"tmm_sociallink\" href=\"https:\/\/kapy.fi\/kapy-barndodsfamiljerna-rf\/-kapy-ry\/\" title=\"www\"><img decoding=\"async\" alt=\"www\" src=\"https:\/\/www.surevankohtaaminen.fi\/wp-content\/plugins\/team-members\/inc\/img\/links\/website.png\"\/><\/a><\/div><\/div><\/div><span class=\"tmm_two_containers_tablet\"><\/span><\/div><span class=\"tmm_columns_containers_desktop\"><\/span><div class=\"tmm_container\"><div class=\"tmm_member\" style=\"border-top:#02b2e3 solid 5px;\"><a target=\"_blank\" rel=\"noopener noreferrer\" href=\"https:\/\/www.nuoretlesket.fi\/\" title=\"Nuoret Lesket ry \"><div class=\"tmm_photo tmm_pic_surujarjestot-sve_2\" style=\"background: url(https:\/\/www.surevankohtaaminen.fi\/wp-content\/uploads\/2021\/01\/Lesket_sydan_RGB-e1610655855501.jpg); margin-left: auto; margin-right:auto; background-size:cover !important;\"><\/div><\/a><div class=\"tmm_textblock\"><div class=\"tmm_names\"><span class=\"tmm_fname\">Nuoret Lesket ry<\/span> <\/div><div class=\"tmm_job\">f\u00f6r unga \u00e4nkor och \u00e4nklingar<\/div><div class=\"tmm_desc\" style=\"text-align:center\"><p><strong>Kontakt:<\/strong><br><br>miia.iivonen@nuoretlesket.fi<\/p><\/div><div class=\"tmm_scblock\"><a target=\"_blank\" class=\"tmm_sociallink\" href=\"https:\/\/nuoretlesket.fi\/en-sv\/\" title=\"www\"><img decoding=\"async\" alt=\"www\" src=\"https:\/\/www.surevankohtaaminen.fi\/wp-content\/plugins\/team-members\/inc\/img\/links\/website.png\"\/><\/a><\/div><\/div><\/div><div class=\"tmm_member\" style=\"border-top:#02b2e3 solid 5px;\"><a target=\"_blank\" rel=\"noopener noreferrer\" href=\"https:\/\/surunauha.net\/\" title=\"Sorgbandet rf \"><div class=\"tmm_photo tmm_pic_surujarjestot-sve_3\" style=\"background: url(https:\/\/www.surevankohtaaminen.fi\/wp-content\/uploads\/2020\/03\/Surunauha-Wordpress-teams-1.jpg); margin-left: auto; margin-right:auto; background-size:cover !important;\"><\/div><\/a><div class=\"tmm_textblock\"><div class=\"tmm_names\"><span class=\"tmm_fname\">Sorgbandet rf<\/span> <\/div><div class=\"tmm_job\">st\u00f6d f\u00f6r n\u00e4rst\u00e5ende till personer som beg\u00e5tt sj\u00e4lvmord<\/div><div class=\"tmm_desc\" style=\"text-align:center\"><p><strong>Kontakt:<br><\/strong>toimisto@surunauha.net<\/p><\/div><div class=\"tmm_scblock\"><a target=\"_blank\" class=\"tmm_sociallink\" href=\"https:\/\/surunauha.net\/en-sv\/\" title=\"www\"><img decoding=\"async\" alt=\"www\" src=\"https:\/\/www.surevankohtaaminen.fi\/wp-content\/plugins\/team-members\/inc\/img\/links\/website.png\"\/><\/a><\/div><\/div><\/div><div style=\"clear:both;\"><\/div><\/div><\/div><\/div>\n<\/div><div class=\"fusion-clearfix\"><\/div><\/div><\/div><\/div><\/div><\/p>\n","protected":false},"excerpt":{"rendered":"","protected":false},"author":1,"featured_media":0,"parent":0,"menu_order":0,"comment_status":"closed","ping_status":"closed","template":"","meta":{"_exactmetrics_skip_tracking":false,"_exactmetrics_sitenote_active":false,"_exactmetrics_sitenote_note":"","_exactmetrics_sitenote_category":0,"footnotes":""},"categories":[],"tags":[],"yst_prominent_words":[],"class_list":["post-1795","page","type-page","status-publish","hentry"],"_links":{"self":[{"href":"https:\/\/www.surevankohtaaminen.fi\/sv\/wp-json\/wp\/v2\/pages\/1795","targetHints":{"allow":["GET"]}}],"collection":[{"href":"https:\/\/www.surevankohtaaminen.fi\/sv\/wp-json\/wp\/v2\/pages"}],"about":[{"href":"https:\/\/www.surevankohtaaminen.fi\/sv\/wp-json\/wp\/v2\/types\/page"}],"author":[{"embeddable":true,"href":"https:\/\/www.surevankohtaaminen.fi\/sv\/wp-json\/wp\/v2\/users\/1"}],"replies":[{"embeddable":true,"href":"https:\/\/www.surevankohtaaminen.fi\/sv\/wp-json\/wp\/v2\/comments?post=1795"}],"version-history":[{"count":11,"href":"https:\/\/www.surevankohtaaminen.fi\/sv\/wp-json\/wp\/v2\/pages\/1795\/revisions"}],"predecessor-version":[{"id":8857,"href":"https:\/\/www.surevankohtaaminen.fi\/sv\/wp-json\/wp\/v2\/pages\/1795\/revisions\/8857"}],"wp:attachment":[{"href":"https:\/\/www.surevankohtaaminen.fi\/sv\/wp-json\/wp\/v2\/media?parent=1795"}],"wp:term":[{"taxonomy":"category","embeddable":true,"href":"https:\/\/www.surevankohtaaminen.fi\/sv\/wp-json\/wp\/v2\/categories?post=1795"},{"taxonomy":"post_tag","embeddable":true,"href":"https:\/\/www.surevankohtaaminen.fi\/sv\/wp-json\/wp\/v2\/tags?post=1795"},{"taxonomy":"yst_prominent_words","embeddable":true,"href":"https:\/\/www.surevankohtaaminen.fi\/sv\/wp-json\/wp\/v2\/yst_prominent_words?post=1795"}],"curies":[{"name":"wp","href":"https:\/\/api.w.org\/{rel}","templated":true}]}}