{"id":1797,"date":"2020-04-07T13:44:10","date_gmt":"2020-04-07T10:44:10","guid":{"rendered":"https:\/\/www.surevankohtaaminen.fi\/?page_id=1797"},"modified":"2025-11-20T20:42:36","modified_gmt":"2025-11-20T17:42:36","slug":"framsida","status":"publish","type":"page","link":"https:\/\/www.surevankohtaaminen.fi\/sv\/","title":{"rendered":"FRAMSIDA"},"content":{"rendered":"<div class=\"fusion-fullwidth fullwidth-box fusion-builder-row-1 nonhundred-percent-fullwidth non-hundred-percent-height-scrolling\" style=\"--awb-border-radius-top-left:0px;--awb-border-radius-top-right:0px;--awb-border-radius-bottom-right:0px;--awb-border-radius-bottom-left:0px;--awb-flex-wrap:wrap;\" ><div class=\"fusion-builder-row fusion-row\"><div class=\"fusion-layout-column fusion_builder_column fusion-builder-column-0 fusion_builder_column_1_1 1_1 fusion-one-full fusion-column-first fusion-column-last\" style=\"--awb-bg-blend:overlay;--awb-bg-size:cover;--awb-margin-bottom:0px;\"><div class=\"fusion-column-wrapper fusion-flex-column-wrapper-legacy\"><div class=\"fusion-text fusion-text-1\" style=\"--awb-text-transform:none;\"><h1 style=\"text-align: center;\">OM ATT BEM\u00d6TA EN S\u00d6RJANDE:<br \/>\nst\u00f6d f\u00f6r dem som i sitt arbete m\u00f6ter s\u00f6rjande som har f\u00f6rlorat en n\u00e4rst\u00e5ende<\/h1>\n<\/div><div class=\"fusion-sep-clear\"><\/div><div class=\"fusion-separator\" style=\"margin-left: auto;margin-right: auto;margin-top:10px;margin-bottom:40px;width:100%;max-width:50%;\"><div class=\"fusion-separator-border sep-single sep-dashed\" style=\"--awb-height:20px;--awb-amount:20px;border-color:#e4f3f6;border-top-width:2px;\"><\/div><\/div><div class=\"fusion-sep-clear\"><\/div><div class=\"fusion-sep-clear\"><\/div><div class=\"fusion-separator fusion-full-width-sep\" style=\"margin-left: auto;margin-right: auto;margin-top:10px;margin-bottom:30px;width:100%;\"><\/div><div class=\"fusion-sep-clear\"><\/div><div class=\"fusion-text fusion-text-2\" style=\"--awb-text-transform:none;\"><p><span style=\"color: #006e96;\">Verksamheten Surevan kohtaaminen st\u00f6der professionella, studerande och frivilliga att bem\u00f6ta dem som har f\u00f6rlorat n\u00e4rst\u00e5ende och informerar s\u00f6rjande om hurdant st\u00f6d det finns att f\u00e5. <\/span><span style=\"color: var(--awb-text-color); font-size: var(--awb-font-size); letter-spacing: var(--awb-letter-spacing); text-align: var(--awb-content-alignment); text-transform: var(--awb-text-transform); background-color: var(--awb-bg-color-hover);\">Verksamheten Surevan kohtaaminen riktar sig till alla som i sitt arbete m\u00f6ter personer som har f\u00f6rlorat en n\u00e4rst\u00e5ende, till exempel p\u00e5 sjukhus, inom f\u00f6retagsh\u00e4lsov\u00e5rd, vid polisinr\u00e4ttningar och r\u00e4ddningsverk, i kriscentrum samt i f\u00f6rsamlingar och i olika organisationer. Det beh\u00f6vs ocks\u00e5 information i l\u00e4roanstalter, p\u00e5 arbetsplatser och vid olika \u00e4mbetsverk d\u00e4r de som har f\u00f6rlorat en n\u00e4rst\u00e5ende sk\u00f6ter \u00e4renden i anknytning till d\u00f6dsfallet.<\/span><\/p>\n<p>P\u00e5 webbplatsen hittar du information om sorg, om att bem\u00f6ta en s\u00f6rjande och om st\u00f6d till dem som s\u00f6rjer. Ocks\u00e5 de som sj\u00e4lva har varit med om en f\u00f6rlust och deras n\u00e4rst\u00e5ende kan utnyttja inneh\u00e5llet.<\/p>\n<p>Du kan kontakta verksamheten Surevan kohtaaminen om du vill bjuda in en erfarenhetsexpert f\u00f6r att tala till exempel p\u00e5 en arbetsplats eller i en l\u00e4roanstalt. I sitt anf\u00f6rande ber\u00e4ttar erfarenhetsexperten om sin erfarenhet av att f\u00f6rlora en n\u00e4rst\u00e5ende. Dessutom ber\u00e4ttar erfarenhetsexperten om sorg i allm\u00e4nhet, om att bem\u00f6ta en s\u00f6rjande och om hurdant st\u00f6d det finns att f\u00e5.<\/p>\n<p>Erfarenhetsexperterna i verksamheten Surevan kohtaaminen agerar som frivilliga inom sina bakgrundsorganisationer: Huoma rf \u2013 st\u00f6d f\u00f6r n\u00e4rst\u00e5ende till offer f\u00f6r brott mot liv, K\u00e4py Barnd\u00f6dsfamiljerna rf, Nuoret Lesket ry och Sorgbandet rf). Erfarenhetsexperterna har erfarenhet av att f\u00f6rlora ett barn, att f\u00f6rlora sin partner eller att f\u00f6rlora en n\u00e4rst\u00e5ende genom sj\u00e4lvmord eller brott mot liv. Erfarenhetsexperterna kan tala antingen p\u00e5 plats eller p\u00e5 distans. Dessutom kan du be erfarenhetsexperterna delta i intervjuer, i unders\u00f6kningar eller i olika studerandeprojekt eller i utvecklingsprojekt p\u00e5 arbetsplatser. Du kan best\u00e4lla anf\u00f6randen <a href=\"https:\/\/www.surevankohtaaminen.fi\/sv\/bestall-ett-anforande-av-en-erfarenhetsexpert\/\" target=\"_blank\" rel=\"noopener\">h\u00e4r<\/a>. Presentationer \u00e4r gratis via distansanslutning. Om en erfarenhetsexpert kommer att tala p\u00e5 plats, betalar best\u00e4llaren sk\u00e4liga resekostnader<\/p>\n<p>Verksamheten Surevan kohtaaminen fungerar ocks\u00e5 som sakkunnig i olika n\u00e4tverk och arbetsgrupper som producerar eller utvecklar information om eller tj\u00e4nster f\u00f6r att st\u00f6dja en s\u00f6rjande. Du kan ocks\u00e5 h\u00f6ra dig f\u00f6r om utbildningar kring att bem\u00f6ta och st\u00f6dja en s\u00f6rjande. Sakkunnigverksamheten g\u00e5r endast p\u00e5 finska.<\/p>\n<p><span class=\"ui-provider a b c d e f g h i j k l m n o p q r s t u v w x y z ab ac ae af ag ah ai aj ak\" dir=\"ltr\">Bakom verksamheten Surevan kohtaaminen finns fyra organisationer som arbetar med sorg: <a href=\"https:\/\/www.huoma.fi\/\">Huoma rf \u2013 st\u00f6d f\u00f6r n\u00e4rst\u00e5ende till offer f\u00f6r brott mot liv <\/a><\/span><span class=\"ui-provider a b c d e f g h i j k l m n o p q r s t u v w x y z ab ac ae af ag ah ai aj ak\" dir=\"ltr\">, <a class=\"fui-Link ___1rxvrpe f2hkw1w f3rmtva f1ewtqcl fyind8e f1k6fduh f1w7gpdv fk6fouc fjoy568 figsok6 f1hu3pq6 f11qmguv f19f4twv f1tyq0we f1g0x7ka fhxju0i f1qch9an f1cnd47f fqv5qza f1vmzxwi f1o700av f13mvf36 f1cmlufx f9n3di6 f1ids18y f1tx3yz7 f1deo86v f1eh06m1 f1iescvh fhgqx19 f1olyrje f1p93eir f1nev41a f1h8hb77 f1lqvz6u f10aw75t fsle3fq f17ae5zn\" title=\"http:\/\/kapy.fi\/\" href=\"https:\/\/kapy.fi\/kapy-barndodsfamiljerna-rf\/\" target=\"_blank\" rel=\"noreferrer noopener\" aria-label=\"Linkki K\u00e4py Barnd\u00f6dsfamiljerna rf,\">K\u00e4py Barnd\u00f6dsfamiljerna rf,<\/a> <a href=\"https:\/\/nuoretlesket.fi\/en-sv\/\">Nuoret Lesket ry<\/a> (unga \u00e4nkor och \u00e4nklingar) och <a href=\"https:\/\/surunauha.net\/en-sv\/\" target=\"_blank\" rel=\"noopener noreferrer\">Sorgbandet rf <\/a>\u00a0(st\u00f6d f\u00f6r n\u00e4rst\u00e5ende till personer som har beg\u00e5tt sj\u00e4lvmord). Verksamheten finansieras med underst\u00f6d av social- och h\u00e4lsov\u00e5rdsministeriet.https:\/\/www.huoma.fi\/ <\/span><\/p>\n<\/div><div class=\"fusion-button-wrapper\"><a class=\"fusion-button button-flat button-small button-default fusion-button-default button-1 fusion-button-default-span fusion-button-default-type\" target=\"_self\" href=\"https:\/\/www.surevankohtaaminen.fi\/sv\/bestall-ett-anforande-av-en-erfarenhetsexpert\/\"><span class=\"fusion-button-text awb-button__text awb-button__text--default\">Best\u00e4ll anf\u00f6randen h\u00e4r<\/span><\/a><\/div><div class=\"fusion-clearfix\"><\/div><\/div><\/div><\/div><\/div>\n","protected":false},"excerpt":{"rendered":"","protected":false},"author":1,"featured_media":0,"parent":0,"menu_order":0,"comment_status":"closed","ping_status":"closed","template":"","meta":{"_exactmetrics_skip_tracking":false,"_exactmetrics_sitenote_active":false,"_exactmetrics_sitenote_note":"","_exactmetrics_sitenote_category":0,"footnotes":""},"categories":[],"tags":[],"yst_prominent_words":[],"class_list":["post-1797","page","type-page","status-publish","hentry"],"_links":{"self":[{"href":"https:\/\/www.surevankohtaaminen.fi\/sv\/wp-json\/wp\/v2\/pages\/1797","targetHints":{"allow":["GET"]}}],"collection":[{"href":"https:\/\/www.surevankohtaaminen.fi\/sv\/wp-json\/wp\/v2\/pages"}],"about":[{"href":"https:\/\/www.surevankohtaaminen.fi\/sv\/wp-json\/wp\/v2\/types\/page"}],"author":[{"embeddable":true,"href":"https:\/\/www.surevankohtaaminen.fi\/sv\/wp-json\/wp\/v2\/users\/1"}],"replies":[{"embeddable":true,"href":"https:\/\/www.surevankohtaaminen.fi\/sv\/wp-json\/wp\/v2\/comments?post=1797"}],"version-history":[{"count":16,"href":"https:\/\/www.surevankohtaaminen.fi\/sv\/wp-json\/wp\/v2\/pages\/1797\/revisions"}],"predecessor-version":[{"id":7313,"href":"https:\/\/www.surevankohtaaminen.fi\/sv\/wp-json\/wp\/v2\/pages\/1797\/revisions\/7313"}],"wp:attachment":[{"href":"https:\/\/www.surevankohtaaminen.fi\/sv\/wp-json\/wp\/v2\/media?parent=1797"}],"wp:term":[{"taxonomy":"category","embeddable":true,"href":"https:\/\/www.surevankohtaaminen.fi\/sv\/wp-json\/wp\/v2\/categories?post=1797"},{"taxonomy":"post_tag","embeddable":true,"href":"https:\/\/www.surevankohtaaminen.fi\/sv\/wp-json\/wp\/v2\/tags?post=1797"},{"taxonomy":"yst_prominent_words","embeddable":true,"href":"https:\/\/www.surevankohtaaminen.fi\/sv\/wp-json\/wp\/v2\/yst_prominent_words?post=1797"}],"curies":[{"name":"wp","href":"https:\/\/api.w.org\/{rel}","templated":true}]}}