{"id":6535,"date":"2024-07-03T15:47:08","date_gmt":"2024-07-03T12:47:08","guid":{"rendered":"https:\/\/www.surevankohtaaminen.fi\/?page_id=6535"},"modified":"2024-07-03T15:49:53","modified_gmt":"2024-07-03T12:49:53","slug":"stod","status":"publish","type":"page","link":"https:\/\/www.surevankohtaaminen.fi\/sv\/stod\/","title":{"rendered":"St\u00f6d"},"content":{"rendered":"<p><div class=\"fusion-fullwidth fullwidth-box fusion-builder-row-1 nonhundred-percent-fullwidth non-hundred-percent-height-scrolling\" style=\"--awb-border-radius-top-left:0px;--awb-border-radius-top-right:0px;--awb-border-radius-bottom-right:0px;--awb-border-radius-bottom-left:0px;--awb-flex-wrap:wrap;\" ><div class=\"fusion-builder-row fusion-row\"><div class=\"fusion-layout-column fusion_builder_column fusion-builder-column-0 fusion_builder_column_1_1 1_1 fusion-one-full fusion-column-first fusion-column-last\" style=\"--awb-bg-blend:overlay;--awb-bg-size:cover;--awb-margin-bottom:0px;\"><div class=\"fusion-column-wrapper fusion-flex-column-wrapper-legacy\"><div class=\"fusion-text fusion-text-1\"><h1 style=\"text-align: center;\">ST\u00d6D<\/h1>\n<\/div><div class=\"fusion-sep-clear\"><\/div><div class=\"fusion-separator\" style=\"margin-left: auto;margin-right: auto;margin-top:10px;margin-bottom:30px;width:100%;max-width:50%;\"><div class=\"fusion-separator-border sep-single sep-dashed\" style=\"--awb-height:20px;--awb-amount:20px;border-color:#e4f3f6;border-top-width:2px;\"><\/div><\/div><div class=\"fusion-sep-clear\"><\/div><div class=\"fusion-text fusion-text-2\"><p>Ge den som har f\u00f6rlorat en n\u00e4rst\u00e5ende kontaktuppgifterna till social- och krisjouren eller det lokala kriscentret. Du kan ocks\u00e5 be den s\u00f6rjande om lov att f\u00f6rmedla en beg\u00e4ran om kontakt till krisst\u00f6det. Den som har f\u00f6rlorat en n\u00e4rst\u00e5ende har inte n\u00f6dv\u00e4ndigtvis krafter att s\u00f6ka st\u00f6d. D\u00e4rf\u00f6r \u00e4r det viktigt att en professionell ber\u00e4ttar om olika m\u00f6jligheter att f\u00e5 st\u00f6d och h\u00e4nvisar den s\u00f6rjande till st\u00f6d. Ber\u00e4tta ocks\u00e5 f\u00f6r den s\u00f6rjande om kamratst\u00f6dsorganisationer och om st\u00f6det de erbjuder.<\/p>\n<\/div><div class=\"fusion-sep-clear\"><\/div><div class=\"fusion-separator fusion-full-width-sep\" style=\"margin-left: auto;margin-right: auto;margin-bottom:30px;width:100%;\"><\/div><div class=\"fusion-sep-clear\"><\/div><div class=\"fusion-content-boxes content-boxes columns row fusion-columns-3 fusion-columns-total-3 fusion-content-boxes-1 content-boxes-icon-boxed content-left\" style=\"--awb-backgroundcolor:#006e96;--awb-body-color:#e4f3f6;--awb-title-color:#c6abd2;--awb-margin-top:5px;--awb-margin-bottom:5px;--awb-hover-accent-color:#02b2e3;--awb-circle-hover-accent-color:#02b2e3;\" data-animationOffset=\"top-into-view\"><div style=\"--awb-backgroundcolor:#006e96;\" class=\"fusion-column content-box-column content-box-column content-box-column-1 col-lg-4 col-md-4 col-sm-4 fusion-content-box-hover content-box-column-first-in-row\"><div class=\"col content-box-wrapper content-wrapper-background content-wrapper-boxed link-area-link-icon icon-hover-animation-fade\" data-animationOffset=\"top-into-view\"><div class=\"heading icon-left\"><h2 class=\"content-box-heading fusion-responsive-typography-calculated\" style=\"--h2_typography-font-size:18px;--fontSize:18;line-height:1.5;\">Krisjouren<\/h2><\/div><div class=\"fusion-clearfix\"><\/div><div class=\"content-container\">\n<p>Social- och krisjourerna ger krishj\u00e4lp dygnet runt. Om d\u00f6dsfallet \u00e4r f\u00f6rknippat med ett brott, h\u00e4nvisa den n\u00e4rst\u00e5ende att ocks\u00e5 kontakta\u00a0<a href=\"https:\/\/www.riku.fi\/sv\/\" target=\"_blank\" rel=\"noopener\">Brottsofferjouren<\/a>.<\/p>\n<\/div><\/div><\/div><div style=\"--awb-backgroundcolor:#006e96;\" class=\"fusion-column content-box-column content-box-column content-box-column-2 col-lg-4 col-md-4 col-sm-4 fusion-content-box-hover \"><div class=\"col content-box-wrapper content-wrapper-background content-wrapper-boxed link-area-link-icon icon-hover-animation-fade\" data-animationOffset=\"top-into-view\"><div class=\"heading icon-left\"><h2 class=\"content-box-heading fusion-responsive-typography-calculated\" style=\"--h2_typography-font-size:18px;--fontSize:18;line-height:1.5;\">Sjukhus<\/h2><\/div><div class=\"fusion-clearfix\"><\/div><div class=\"content-container\">\n<ul>\n<li>Genomg\u00e5ng av det som har skett med l\u00e4kare och v\u00e5rdpersonal<\/li>\n<li>Sjukhuspastorer<\/li>\n<li>Socialarbetare<\/li>\n<li style=\"text-align: left;\">H\u00e4nvisning till andra tj\u00e4nster<\/li>\n<\/ul>\n<\/div><\/div><\/div><div style=\"--awb-backgroundcolor:#006e96;\" class=\"fusion-column content-box-column content-box-column content-box-column-3 col-lg-4 col-md-4 col-sm-4 fusion-content-box-hover content-box-column-last content-box-column-last-in-row\"><div class=\"col content-box-wrapper content-wrapper-background content-wrapper-boxed link-area-link-icon icon-hover-animation-fade\" data-animationOffset=\"top-into-view\"><div class=\"heading icon-left\"><h2 class=\"content-box-heading fusion-responsive-typography-calculated\" style=\"--h2_typography-font-size:18px;--fontSize:18;line-height:1.5;\">H\u00e4lsov\u00e5rdscentralen<\/h2><\/div><div class=\"fusion-clearfix\"><\/div><div class=\"content-container\">\n<ul>\n<li>L\u00e4kare: sjukledighet<\/li>\n<li style=\"text-align: left;\">H\u00e4nvisning till andra tj\u00e4nster inom h\u00e4lso- och sjukv\u00e5rden<\/li>\n<\/ul>\n<\/div><\/div><\/div><div class=\"fusion-clearfix\"><\/div><\/div><div class=\"fusion-clearfix\"><\/div><\/div><\/div><\/div><\/div><div class=\"fusion-fullwidth fullwidth-box fusion-builder-row-2 nonhundred-percent-fullwidth non-hundred-percent-height-scrolling\" style=\"--awb-border-radius-top-left:0px;--awb-border-radius-top-right:0px;--awb-border-radius-bottom-right:0px;--awb-border-radius-bottom-left:0px;--awb-flex-wrap:wrap;\" ><div class=\"fusion-builder-row fusion-row\"><div class=\"fusion-layout-column fusion_builder_column fusion-builder-column-1 fusion_builder_column_1_4 1_4 fusion-one-fourth fusion-column-first\" style=\"--awb-bg-blend:overlay;--awb-bg-size:cover;width:25%;width:calc(25% - ( ( 4% + 4% ) * 0.25 ) );margin-right: 4%;\"><div class=\"fusion-column-wrapper fusion-flex-column-wrapper-legacy\"><div class=\"fusion-content-boxes content-boxes columns row fusion-columns-1 fusion-columns-total-1 fusion-content-boxes-2 content-boxes-icon-boxed content-left\" style=\"--awb-backgroundcolor:#006e96;--awb-body-color:#e4f3f6;--awb-title-color:#c6abd2;--awb-margin-top:0px;--awb-margin-bottom:0px;--awb-hover-accent-color:#02b2e3;--awb-circle-hover-accent-color:#02b2e3;--awb-item-margin-bottom:40px;\" data-animationOffset=\"top-into-view\"><div style=\"--awb-backgroundcolor:#006e96;\" class=\"fusion-column content-box-column content-box-column content-box-column-1 col-lg-12 col-md-12 col-sm-12 fusion-content-box-hover content-box-column-last content-box-column-last-in-row\"><div class=\"col content-box-wrapper content-wrapper-background content-wrapper-boxed link-area-link-icon icon-hover-animation-fade\" data-animationOffset=\"top-into-view\"><div class=\"heading icon-left\"><h2 class=\"content-box-heading fusion-responsive-typography-calculated\" style=\"--h2_typography-font-size:18px;--fontSize:18;line-height:1.5;\">F\u00f6retagsh\u00e4lsov\u00e5rden<\/h2><\/div><div class=\"fusion-clearfix\"><\/div><div class=\"content-container\">\n<ul>\n<li style=\"text-align: left;\">F\u00f6retagsh\u00e4lsov\u00e5rdare: samtalshj\u00e4lp och uppf\u00f6ljning<\/li>\n<li>F\u00f6retagsl\u00e4kare: sjukledighet<\/li>\n<li>F\u00f6retagspsykologer<\/li>\n<li>H\u00e4nvisning till andra tj\u00e4nster<\/li>\n<\/ul>\n<\/div><\/div><\/div><div class=\"fusion-clearfix\"><\/div><\/div><div class=\"fusion-clearfix\"><\/div><\/div><\/div><div class=\"fusion-layout-column fusion_builder_column fusion-builder-column-2 fusion_builder_column_1_2 1_2 fusion-one-half\" style=\"--awb-bg-blend:overlay;--awb-bg-size:cover;width:50%;width:calc(50% - ( ( 4% + 4% ) * 0.5 ) );margin-right: 4%;\"><div class=\"fusion-column-wrapper fusion-flex-column-wrapper-legacy\"><div class=\"fusion-content-boxes content-boxes columns row fusion-columns-1 fusion-columns-total-1 fusion-content-boxes-3 content-boxes-icon-on-top content-left\" style=\"--awb-title-color:#006e96;--awb-iconcolor:#02b2e3;--awb-margin-top:30px;--awb-margin-bottom:0px;--awb-hover-accent-color:#02b2e3;--awb-circle-hover-accent-color:transparent;--awb-item-margin-bottom:40px;\" id=\"poksi\" data-animationOffset=\"top-into-view\"><div style=\"--awb-backgroundcolor:#e4f3f6;--awb-iconcolor:#02b2e3;\" class=\"fusion-column content-box-column content-box-column content-box-column-1 col-lg-12 col-md-12 col-sm-12 fusion-content-box-hover content-box-column-last content-box-column-last-in-row\"><div class=\"col content-box-wrapper content-wrapper-background link-area-link-icon content-icon-wrapper-yes icon-hover-animation-fade\" data-animationOffset=\"top-into-view\"><div class=\"heading icon-left\"><h2 class=\"content-box-heading fusion-responsive-typography-calculated\" style=\"--h2_typography-font-size:24px;--fontSize:24;line-height:1.5;\">Var f\u00e5r den s\u00f6rjande st\u00f6d?<\/h2><\/div><div class=\"fusion-clearfix\"><\/div><div class=\"content-container\">\n<p style=\"text-align: center;\">Varje professionell har i uppgift att se till att den som har f\u00f6rlorat en n\u00e4rst\u00e5ende f\u00e5r st\u00f6d. Kartl\u00e4gg hurdant st\u00f6d den s\u00f6rjande beh\u00f6ver och ber\u00e4tta om olika st\u00f6dformer.<\/p>\n<\/div><\/div><\/div><div class=\"fusion-clearfix\"><\/div><\/div><div class=\"fusion-clearfix\"><\/div><\/div><\/div><div class=\"fusion-layout-column fusion_builder_column fusion-builder-column-3 fusion_builder_column_1_4 1_4 fusion-one-fourth fusion-column-last\" style=\"--awb-bg-blend:overlay;--awb-bg-size:cover;width:25%;width:calc(25% - ( ( 4% + 4% ) * 0.25 ) );\"><div class=\"fusion-column-wrapper fusion-flex-column-wrapper-legacy\"><div class=\"fusion-content-boxes content-boxes columns row fusion-columns-1 fusion-columns-total-1 fusion-content-boxes-4 content-boxes-icon-boxed content-left\" style=\"--awb-backgroundcolor:#006e96;--awb-body-color:#e4f3f6;--awb-title-color:#c6abd2;--awb-margin-top:0px;--awb-margin-bottom:0px;--awb-hover-accent-color:#02b2e3;--awb-circle-hover-accent-color:#02b2e3;--awb-item-margin-bottom:40px;\" data-animationOffset=\"top-into-view\"><div style=\"--awb-backgroundcolor:#006e96;\" class=\"fusion-column content-box-column content-box-column content-box-column-1 col-lg-12 col-md-12 col-sm-12 fusion-content-box-hover content-box-column-last content-box-column-last-in-row\"><div class=\"col content-box-wrapper content-wrapper-background content-wrapper-boxed link-area-link-icon icon-hover-animation-fade\" data-animationOffset=\"top-into-view\"><div class=\"heading icon-left\"><h2 class=\"content-box-heading fusion-responsive-typography-calculated\" style=\"--h2_typography-font-size:18px;--fontSize:18;line-height:1.5;\">Elev- och studerandev\u00e5rden<\/h2><\/div><div class=\"fusion-clearfix\"><\/div><div class=\"content-container\">\n<ul>\n<li style=\"text-align: left;\">Skol- och studerandeh\u00e4lsov\u00e5rden<\/li>\n<li>Psykolog- och kuratorstj\u00e4nster: samtalshj\u00e4lp och h\u00e4nvisning till andra tj\u00e4nster<\/li>\n<\/ul>\n<\/div><\/div><\/div><div class=\"fusion-clearfix\"><\/div><\/div><div class=\"fusion-clearfix\"><\/div><\/div><\/div><\/div><\/div><div class=\"fusion-fullwidth fullwidth-box fusion-builder-row-3 nonhundred-percent-fullwidth non-hundred-percent-height-scrolling\" style=\"--awb-border-radius-top-left:0px;--awb-border-radius-top-right:0px;--awb-border-radius-bottom-right:0px;--awb-border-radius-bottom-left:0px;--awb-flex-wrap:wrap;\" ><div class=\"fusion-builder-row fusion-row\"><div class=\"fusion-layout-column fusion_builder_column fusion-builder-column-4 fusion_builder_column_1_1 1_1 fusion-one-full fusion-column-first fusion-column-last\" style=\"--awb-bg-blend:overlay;--awb-bg-size:cover;\"><div class=\"fusion-column-wrapper fusion-flex-column-wrapper-legacy\"><div class=\"fusion-content-boxes content-boxes columns row fusion-columns-3 fusion-columns-total-3 fusion-content-boxes-5 content-boxes-icon-boxed content-left\" style=\"--awb-backgroundcolor:#006e96;--awb-body-color:#e4f3f6;--awb-title-color:#c6abd2;--awb-margin-bottom:5px;--awb-hover-accent-color:#02b2e3;--awb-circle-hover-accent-color:#02b2e3;\" data-animationOffset=\"top-into-view\"><div style=\"--awb-backgroundcolor:#006e96;\" class=\"fusion-column content-box-column content-box-column content-box-column-1 col-lg-4 col-md-4 col-sm-4 fusion-content-box-hover content-box-column-first-in-row\"><div class=\"col content-box-wrapper content-wrapper-background content-wrapper-boxed link-area-link-icon icon-hover-animation-none\" data-animationOffset=\"top-into-view\"><div class=\"heading icon-left\"><h2 class=\"content-box-heading fusion-responsive-typography-calculated\" style=\"--h2_typography-font-size:18px;--fontSize:18;line-height:1.5;\">R\u00e5dgivningsbyr\u00e5n och familjer\u00e5dgivningsbyr\u00e5n<\/h2><\/div><div class=\"fusion-clearfix\"><\/div><div class=\"content-container\">\n<ul>\n<li style=\"text-align: left;\">H\u00e4lsov\u00e5rdare<\/li>\n<li>R\u00e5dgivningspsykologer<\/li>\n<li>Familjer\u00e5dgivningsbyr\u00e5n<\/li>\n<\/ul>\n<\/div><\/div><\/div><div style=\"--awb-backgroundcolor:#006e96;\" class=\"fusion-column content-box-column content-box-column content-box-column-2 col-lg-4 col-md-4 col-sm-4 fusion-content-box-hover \"><div class=\"col content-box-wrapper content-wrapper-background content-wrapper-boxed link-area-link-icon link-type-text icon-hover-animation-none\" data-animationOffset=\"top-into-view\"><div class=\"heading icon-left\"><a class=\"heading-link\" href=\"https:\/\/www.kela.fi\/rehabiliterande-psykoterapi\" target=\"_blank\" rel=\"noopener noreferrer\"><h2 class=\"content-box-heading fusion-responsive-typography-calculated\" style=\"--h2_typography-font-size:18px;--fontSize:18;line-height:1.5;\">Psykoterapi<\/h2><\/a><\/div><div class=\"fusion-clearfix\"><\/div><div class=\"content-container\">\n<ul>\n<li style=\"text-align: left;\">Psykologisk samtalshj\u00e4lp<\/li>\n<li>Psykoterapi som st\u00f6ds av FPA<\/li>\n<\/ul>\n<\/div><div class=\"fusion-clearfix\"><\/div><a class=\" fusion-read-more\" href=\"https:\/\/www.kela.fi\/rehabiliterande-psykoterapi\" target=\"_blank\" rel=\"noopener noreferrer\">Information om psykoterapi som st\u00f6ds av FPA<\/a><div class=\"fusion-clearfix\"><\/div><\/div><\/div><div style=\"--awb-backgroundcolor:#006e96;\" class=\"fusion-column content-box-column content-box-column content-box-column-3 col-lg-4 col-md-4 col-sm-4 fusion-content-box-hover content-box-column-last content-box-column-last-in-row\"><div class=\"col content-box-wrapper content-wrapper-background content-wrapper-boxed link-area-link-icon icon-hover-animation-none\" data-animationOffset=\"top-into-view\"><div class=\"heading icon-left\"><h2 class=\"content-box-heading fusion-responsive-typography-calculated\" style=\"--h2_typography-font-size:18px;--fontSize:18;line-height:1.5;\">Socialv\u00e5rden<\/h2><\/div><div class=\"fusion-clearfix\"><\/div><div class=\"content-container\">\n<ul>\n<li style=\"text-align: left;\">Hemservice<\/li>\n<li>Familjearbete<\/li>\n<li>Bed\u00f6mning av servicebehovet som g\u00f6rs av socialarbetare<\/li>\n<li>Tj\u00e4nster ocks\u00e5 f\u00f6r andra \u00e4n barnfamiljer<\/li>\n<\/ul>\n<\/div><\/div><\/div><div class=\"fusion-clearfix\"><\/div><\/div><div class=\"fusion-content-boxes content-boxes columns row fusion-columns-3 fusion-columns-total-6 fusion-content-boxes-6 content-boxes-icon-boxed content-left\" style=\"--awb-backgroundcolor:#006e96;--awb-body-color:#e4f3f6;--awb-title-color:#c6abd2;--awb-margin-top:0px;--awb-margin-bottom:5px;--awb-hover-accent-color:#02b2e3;--awb-circle-hover-accent-color:#02b2e3;\" data-animationOffset=\"top-into-view\"><div style=\"--awb-backgroundcolor:#006e96;\" class=\"fusion-column content-box-column content-box-column content-box-column-1 col-lg-4 col-md-4 col-sm-4 fusion-content-box-hover content-box-column-first-in-row\"><div class=\"col content-box-wrapper content-wrapper-background content-wrapper-boxed link-area-link-icon link-type-text icon-hover-animation-none\" data-animationOffset=\"top-into-view\"><div class=\"heading icon-left\"><a class=\"heading-link\" href=\"https:\/\/www.kela.fi\/efterlevande\" target=\"_blank\" rel=\"noopener noreferrer\"><h2 class=\"content-box-heading fusion-responsive-typography-calculated\" style=\"--h2_typography-font-size:18px;--fontSize:18;line-height:1.5;\">FPA<\/h2><\/a><\/div><div class=\"fusion-clearfix\"><\/div><div class=\"content-container\">\n<p>Ekonomiskt st\u00f6d:<\/p>\n<ul>\n<li>Utkomstst\u00f6d<\/li>\n<li>Familjepensioner<\/li>\n<li><span style=\"color: var(--awb-color1);\">Bostadsbidrag<\/span><\/li>\n<\/ul>\n<\/div><div class=\"fusion-clearfix\"><\/div><a class=\" fusion-read-more\" href=\"https:\/\/www.kela.fi\/efterlevande\" target=\"_blank\" rel=\"noopener noreferrer\">FPA:s anvisningar till den som har f\u00f6rlorat en n\u00e4rst\u00e5ende<\/a><div class=\"fusion-clearfix\"><\/div><\/div><\/div><div style=\"--awb-backgroundcolor:#006e96;\" class=\"fusion-column content-box-column content-box-column content-box-column-2 col-lg-4 col-md-4 col-sm-4 fusion-content-box-hover \"><div class=\"col content-box-wrapper content-wrapper-background content-wrapper-boxed link-area-link-icon icon-hover-animation-none\" data-animationOffset=\"top-into-view\"><div class=\"heading icon-left\"><h2 class=\"content-box-heading fusion-responsive-typography-calculated\" style=\"--h2_typography-font-size:18px;--fontSize:18;line-height:1.5;\">Information om att sk\u00f6ta \u00e4renden n\u00e4r en n\u00e4rst\u00e5ende d\u00f6r<\/h2><\/div><div class=\"fusion-clearfix\"><\/div><div class=\"content-container\">\n<p>P\u00e5 webbplatsen Suomi.fi finns\u00a0<a href=\"https:\/\/www.suomi.fi\/guider\/nar-en-narstaende-avlider\" target=\"_blank\" rel=\"noopener\">guiden N\u00e4r en n\u00e4rst\u00e5ende avlider<\/a> som inneh\u00e5ller information bland annat om begravningsarrangemang, bouppteckning och ekonomiskt st\u00f6d.<\/p>\n<\/div><\/div><\/div><div style=\"--awb-backgroundcolor:#006e96;\" class=\"fusion-column content-box-column content-box-column content-box-column-3 col-lg-4 col-md-4 col-sm-4 fusion-content-box-hover content-box-column-last-in-row\"><div class=\"col content-box-wrapper content-wrapper-background content-wrapper-boxed link-area-link-icon link-type-text icon-hover-animation-none\" data-animationOffset=\"top-into-view\"><div class=\"heading icon-left\"><a class=\"heading-link\" href=\"https:\/\/evl.fi\/sv\/stod-och-hjalp\/sorg-och-kris\/\" target=\"_blank\" rel=\"noopener noreferrer\"><h2 class=\"content-box-heading fusion-responsive-typography-calculated\" style=\"--h2_typography-font-size:18px;--fontSize:18;line-height:1.5;\">F\u00f6rsamlingar<\/h2><\/a><\/div><div class=\"fusion-clearfix\"><\/div><div class=\"content-container\">\n<ul>\n<li style=\"text-align: left;\">Pr\u00e4ster och diakoniarbetare<\/li>\n<li>Familjer\u00e5dgivningscentraler<\/li>\n<li>Sorggrupper<\/li>\n<li>Servicetelefoner<\/li>\n<\/ul>\n<\/div><div class=\"fusion-clearfix\"><\/div><a class=\" fusion-read-more\" href=\"https:\/\/evl.fi\/sv\/stod-och-hjalp\/sorg-och-kris\/\" target=\"_blank\" rel=\"noopener noreferrer\">F\u00f6rsamlingens st\u00f6d till den s\u00f6rjande<\/a><div class=\"fusion-clearfix\"><\/div><\/div><\/div><div style=\"--awb-backgroundcolor:#006e96;\" class=\"fusion-column content-box-column content-box-column content-box-column-4 col-lg-4 col-md-4 col-sm-4 fusion-content-box-hover content-box-column-first-in-row\"><div class=\"col content-box-wrapper content-wrapper-background content-wrapper-boxed link-area-link-icon link-type-text icon-hover-animation-none\" data-animationOffset=\"top-into-view\"><div class=\"heading icon-left\"><a class=\"heading-link\" href=\"https:\/\/hautajaiset.fi\/sv\/information-for-anhoriga\/anvisningar-infor-begravning\/\" target=\"_blank\" rel=\"noopener noreferrer\"><h2 class=\"content-box-heading fusion-responsive-typography-calculated\" style=\"--h2_typography-font-size:18px;--fontSize:18;line-height:1.5;\">Begravningsbyr\u00e5er<\/h2><\/a><\/div><div class=\"fusion-clearfix\"><\/div><div class=\"content-container\">\n<p>Begravningsbyr\u00e5n ger r\u00e5d i praktiska fr\u00e5gor som g\u00e4ller begravningen.<\/p>\n<\/div><div class=\"fusion-clearfix\"><\/div><a class=\" fusion-read-more\" href=\"https:\/\/hautajaiset.fi\/sv\/information-for-anhoriga\/anvisningar-infor-begravning\/\" target=\"_blank\" rel=\"noopener noreferrer\">F\u00f6rsta anvisning till den avlidnes anh\u00f6riga<\/a><div class=\"fusion-clearfix\"><\/div><\/div><\/div><div style=\"--awb-backgroundcolor:#006e96;\" class=\"fusion-column content-box-column content-box-column content-box-column-5 col-lg-4 col-md-4 col-sm-4 fusion-content-box-hover \"><div class=\"col content-box-wrapper content-wrapper-background content-wrapper-boxed link-area-link-icon link-type-text icon-hover-animation-none\" data-animationOffset=\"top-into-view\"><div class=\"heading icon-left\"><a class=\"heading-link\" href=\"https:\/\/mieli.fi\/sv\/\" target=\"_blank\" rel=\"noopener noreferrer\"><h2 class=\"content-box-heading fusion-responsive-typography-calculated\" style=\"--h2_typography-font-size:18px;--fontSize:18;line-height:1.5;\"> MIELI Psykisk H\u00e4lsa Finland rf<\/h2><\/a><\/div><div class=\"fusion-clearfix\"><\/div><div class=\"content-container\">\n<ul>\n<li style=\"text-align: left;\">Den riksomfattande kristelefonen<\/li>\n<li>Kriscenter<\/li>\n<li>Slutna grupper<\/li>\n<\/ul>\n<\/div><div class=\"fusion-clearfix\"><\/div><a class=\" fusion-read-more\" href=\"https:\/\/mieli.fi\/sv\/\" target=\"_blank\" rel=\"noopener noreferrer\">Psykisk H\u00e4lsa Finland rf:s st\u00f6d till den s\u00f6rjande<\/a><div class=\"fusion-clearfix\"><\/div><\/div><\/div><div style=\"--awb-backgroundcolor:#006e96;\" class=\"fusion-column content-box-column content-box-column content-box-column-6 col-lg-4 col-md-4 col-sm-4 fusion-content-box-hover content-box-column-last content-box-column-last-in-row\"><div class=\"col content-box-wrapper content-wrapper-background content-wrapper-boxed link-area-link-icon link-type-text icon-hover-animation-none\" data-animationOffset=\"top-into-view\"><div class=\"heading icon-left\"><a class=\"heading-link\" href=\"https:\/\/www.surevankohtaaminen.fi\/sv\/kontakt\/\" target=\"_blank\" rel=\"noopener noreferrer\"><h2 class=\"content-box-heading fusion-responsive-typography-calculated\" style=\"--h2_typography-font-size:18px;--fontSize:18;line-height:1.5;\">Kamratst\u00f6dsorganisationer<\/h2><\/a><\/div><div class=\"fusion-clearfix\"><\/div><div class=\"content-container\">\n<p>Kamratst\u00f6d erbjuds bland annat av organisationer som st\u00f6der vid sorg och patientorganisationer.<\/p>\n<\/div><div class=\"fusion-clearfix\"><\/div><a class=\" fusion-read-more\" href=\"https:\/\/www.surevankohtaaminen.fi\/sv\/kontakt\/\" target=\"_blank\" rel=\"noopener noreferrer\">L\u00e4s mer om kamratst\u00f6dsorganisationer<\/a><div class=\"fusion-clearfix\"><\/div><\/div><\/div><div class=\"fusion-clearfix\"><\/div><\/div><div class=\"fusion-clearfix\"><\/div><\/div><\/div><\/div><\/div><div class=\"fusion-fullwidth fullwidth-box fusion-builder-row-4 nonhundred-percent-fullwidth non-hundred-percent-height-scrolling\" style=\"--awb-border-radius-top-left:0px;--awb-border-radius-top-right:0px;--awb-border-radius-bottom-right:0px;--awb-border-radius-bottom-left:0px;--awb-flex-wrap:wrap;\" ><div class=\"fusion-builder-row fusion-row\"><div class=\"fusion-layout-column fusion_builder_column fusion-builder-column-5 fusion_builder_column_3_4 3_4 fusion-three-fourth fusion-column-first\" style=\"--awb-bg-blend:overlay;--awb-bg-size:cover;width:75%;width:calc(75% - ( ( 4% ) * 0.75 ) );margin-right: 4%;\"><div class=\"fusion-column-wrapper fusion-flex-column-wrapper-legacy\"><div class=\"fusion-clearfix\"><\/div><\/div><\/div><div class=\"fusion-layout-column fusion_builder_column fusion-builder-column-6 fusion_builder_column_1_4 1_4 fusion-one-fourth fusion-column-last\" style=\"--awb-bg-blend:overlay;--awb-bg-size:cover;width:25%;width:calc(25% - ( ( 4% ) * 0.25 ) );\"><div class=\"fusion-column-wrapper fusion-flex-column-wrapper-legacy\"><div class=\"fusion-clearfix\"><\/div><\/div><\/div><\/div><\/div><\/p>\n","protected":false},"excerpt":{"rendered":"","protected":false},"author":1,"featured_media":0,"parent":0,"menu_order":0,"comment_status":"closed","ping_status":"closed","template":"","meta":{"_exactmetrics_skip_tracking":false,"_exactmetrics_sitenote_active":false,"_exactmetrics_sitenote_note":"","_exactmetrics_sitenote_category":0,"footnotes":""},"categories":[],"tags":[],"yst_prominent_words":[],"class_list":["post-6535","page","type-page","status-publish","hentry"],"_links":{"self":[{"href":"https:\/\/www.surevankohtaaminen.fi\/sv\/wp-json\/wp\/v2\/pages\/6535","targetHints":{"allow":["GET"]}}],"collection":[{"href":"https:\/\/www.surevankohtaaminen.fi\/sv\/wp-json\/wp\/v2\/pages"}],"about":[{"href":"https:\/\/www.surevankohtaaminen.fi\/sv\/wp-json\/wp\/v2\/types\/page"}],"author":[{"embeddable":true,"href":"https:\/\/www.surevankohtaaminen.fi\/sv\/wp-json\/wp\/v2\/users\/1"}],"replies":[{"embeddable":true,"href":"https:\/\/www.surevankohtaaminen.fi\/sv\/wp-json\/wp\/v2\/comments?post=6535"}],"version-history":[{"count":3,"href":"https:\/\/www.surevankohtaaminen.fi\/sv\/wp-json\/wp\/v2\/pages\/6535\/revisions"}],"predecessor-version":[{"id":6538,"href":"https:\/\/www.surevankohtaaminen.fi\/sv\/wp-json\/wp\/v2\/pages\/6535\/revisions\/6538"}],"wp:attachment":[{"href":"https:\/\/www.surevankohtaaminen.fi\/sv\/wp-json\/wp\/v2\/media?parent=6535"}],"wp:term":[{"taxonomy":"category","embeddable":true,"href":"https:\/\/www.surevankohtaaminen.fi\/sv\/wp-json\/wp\/v2\/categories?post=6535"},{"taxonomy":"post_tag","embeddable":true,"href":"https:\/\/www.surevankohtaaminen.fi\/sv\/wp-json\/wp\/v2\/tags?post=6535"},{"taxonomy":"yst_prominent_words","embeddable":true,"href":"https:\/\/www.surevankohtaaminen.fi\/sv\/wp-json\/wp\/v2\/yst_prominent_words?post=6535"}],"curies":[{"name":"wp","href":"https:\/\/api.w.org\/{rel}","templated":true}]}}